{"id":941,"date":"2022-07-19T10:44:30","date_gmt":"2022-07-19T08:44:30","guid":{"rendered":"https:\/\/www.saveurs.net\/\/?page_id=941"},"modified":"2025-08-28T10:11:22","modified_gmt":"2025-08-28T08:11:22","slug":"who-we-are","status":"publish","type":"page","link":"https:\/\/www.saveurs.net\/en\/who-we-are\/","title":{"rendered":"Who we are"},"content":{"rendered":"","protected":false},"excerpt":{"rendered":"","protected":false},"author":1,"featured_media":1299,"parent":0,"menu_order":0,"comment_status":"closed","ping_status":"closed","template":"tpl-qui-sommes-nous.php","meta":{"_acf_changed":false,"footnotes":""},"class_list":["post-941","page","type-page","status-publish","has-post-thumbnail","hentry"],"acf":[],"yoast_head":"<!-- This site is optimized with the Yoast SEO plugin v27.3 - https:\/\/yoast.com\/product\/yoast-seo-wordpress\/ -->\n<title>Who we are | Saveurs des Pyr\u00e9n\u00e9es<\/title>\n<meta name=\"description\" content=\"The Saveurs des Pyr\u00e9n\u00e9es team is composed of passionate professionals supported by 20 artisans from the Basque Country and the Pyrenees, united around shared values\" \/>\n<meta name=\"robots\" content=\"index, follow, max-snippet:-1, max-image-preview:large, max-video-preview:-1\" \/>\n<link rel=\"canonical\" href=\"https:\/\/www.saveurs.net\/en\/who-we-are\/\" \/>\n<meta property=\"og:locale\" content=\"en_US\" \/>\n<meta property=\"og:type\" content=\"article\" \/>\n<meta property=\"og:title\" content=\"Who we are | Saveurs des Pyr\u00e9n\u00e9es\" \/>\n<meta property=\"og:description\" content=\"The Saveurs des Pyr\u00e9n\u00e9es team is composed of passionate professionals supported by 20 artisans from the Basque Country and the Pyrenees, united around shared values\" \/>\n<meta property=\"og:url\" content=\"https:\/\/www.saveurs.net\/en\/who-we-are\/\" \/>\n<meta property=\"og:site_name\" content=\"Saveurs des Pyr\u00e9n\u00e9es\" \/>\n<meta property=\"article:modified_time\" content=\"2025-08-28T08:11:22+00:00\" \/>\n<meta property=\"og:image\" content=\"https:\/\/www.saveurs.net\/wp-content\/uploads\/2022\/09\/nos-valeurs-header.jpg\" \/>\n\t<meta property=\"og:image:width\" content=\"1920\" \/>\n\t<meta property=\"og:image:height\" content=\"1080\" \/>\n\t<meta property=\"og:image:type\" content=\"image\/jpeg\" \/>\n<meta name=\"twitter:card\" content=\"summary_large_image\" \/>\n<meta name=\"twitter:label1\" content=\"Est. reading time\" \/>\n\t<meta name=\"twitter:data1\" content=\"1 minute\" \/>\n<script type=\"application\/ld+json\" class=\"yoast-schema-graph\">{\"@context\":\"https:\\\/\\\/schema.org\",\"@graph\":[{\"@type\":\"WebPage\",\"@id\":\"https:\\\/\\\/www.saveurs.net\\\/en\\\/who-we-are\\\/\",\"url\":\"https:\\\/\\\/www.saveurs.net\\\/en\\\/who-we-are\\\/\",\"name\":\"Who we are | Saveurs des Pyr\u00e9n\u00e9es\",\"isPartOf\":{\"@id\":\"https:\\\/\\\/www.saveurs.net\\\/en\\\/#website\"},\"primaryImageOfPage\":{\"@id\":\"https:\\\/\\\/www.saveurs.net\\\/en\\\/who-we-are\\\/#primaryimage\"},\"image\":{\"@id\":\"https:\\\/\\\/www.saveurs.net\\\/en\\\/who-we-are\\\/#primaryimage\"},\"thumbnailUrl\":\"https:\\\/\\\/www.saveurs.net\\\/wp-content\\\/uploads\\\/2022\\\/09\\\/nos-valeurs-header.jpg\",\"datePublished\":\"2022-07-19T08:44:30+00:00\",\"dateModified\":\"2025-08-28T08:11:22+00:00\",\"description\":\"The Saveurs des Pyr\u00e9n\u00e9es team is composed of passionate professionals supported by 20 artisans from the Basque Country and the Pyrenees, united around shared values\",\"breadcrumb\":{\"@id\":\"https:\\\/\\\/www.saveurs.net\\\/en\\\/who-we-are\\\/#breadcrumb\"},\"inLanguage\":\"en-US\",\"potentialAction\":[{\"@type\":\"ReadAction\",\"target\":[\"https:\\\/\\\/www.saveurs.net\\\/en\\\/who-we-are\\\/\"]}]},{\"@type\":\"ImageObject\",\"inLanguage\":\"en-US\",\"@id\":\"https:\\\/\\\/www.saveurs.net\\\/en\\\/who-we-are\\\/#primaryimage\",\"url\":\"https:\\\/\\\/www.saveurs.net\\\/wp-content\\\/uploads\\\/2022\\\/09\\\/nos-valeurs-header.jpg\",\"contentUrl\":\"https:\\\/\\\/www.saveurs.net\\\/wp-content\\\/uploads\\\/2022\\\/09\\\/nos-valeurs-header.jpg\",\"width\":1920,\"height\":1080,\"caption\":\"Nos valeurs Saveurs des Pyr\u00e9n\u00e9es\"},{\"@type\":\"BreadcrumbList\",\"@id\":\"https:\\\/\\\/www.saveurs.net\\\/en\\\/who-we-are\\\/#breadcrumb\",\"itemListElement\":[{\"@type\":\"ListItem\",\"position\":1,\"name\":\"Accueil\",\"item\":\"https:\\\/\\\/www.saveurs.net\\\/en\\\/\"},{\"@type\":\"ListItem\",\"position\":2,\"name\":\"Who we are\"}]},{\"@type\":\"WebSite\",\"@id\":\"https:\\\/\\\/www.saveurs.net\\\/en\\\/#website\",\"url\":\"https:\\\/\\\/www.saveurs.net\\\/en\\\/\",\"name\":\"Saveurs des Pyr\u00e9n\u00e9es\",\"description\":\"Un site utilisant WordPress\",\"potentialAction\":[{\"@type\":\"SearchAction\",\"target\":{\"@type\":\"EntryPoint\",\"urlTemplate\":\"https:\\\/\\\/www.saveurs.net\\\/en\\\/?s={search_term_string}\"},\"query-input\":{\"@type\":\"PropertyValueSpecification\",\"valueRequired\":true,\"valueName\":\"search_term_string\"}}],\"inLanguage\":\"en-US\"}]}<\/script>\n<!-- \/ Yoast SEO plugin. -->","yoast_head_json":{"title":"Who we are | Saveurs des Pyr\u00e9n\u00e9es","description":"The Saveurs des Pyr\u00e9n\u00e9es team is composed of passionate professionals supported by 20 artisans from the Basque Country and the Pyrenees, united around shared values","robots":{"index":"index","follow":"follow","max-snippet":"max-snippet:-1","max-image-preview":"max-image-preview:large","max-video-preview":"max-video-preview:-1"},"canonical":"https:\/\/www.saveurs.net\/en\/who-we-are\/","og_locale":"en_US","og_type":"article","og_title":"Who we are | Saveurs des Pyr\u00e9n\u00e9es","og_description":"The Saveurs des Pyr\u00e9n\u00e9es team is composed of passionate professionals supported by 20 artisans from the Basque Country and the Pyrenees, united around shared values","og_url":"https:\/\/www.saveurs.net\/en\/who-we-are\/","og_site_name":"Saveurs des Pyr\u00e9n\u00e9es","article_modified_time":"2025-08-28T08:11:22+00:00","og_image":[{"width":1920,"height":1080,"url":"https:\/\/www.saveurs.net\/wp-content\/uploads\/2022\/09\/nos-valeurs-header.jpg","type":"image\/jpeg"}],"twitter_card":"summary_large_image","twitter_misc":{"Est. reading time":"1 minute"},"schema":{"@context":"https:\/\/schema.org","@graph":[{"@type":"WebPage","@id":"https:\/\/www.saveurs.net\/en\/who-we-are\/","url":"https:\/\/www.saveurs.net\/en\/who-we-are\/","name":"Who we are | Saveurs des Pyr\u00e9n\u00e9es","isPartOf":{"@id":"https:\/\/www.saveurs.net\/en\/#website"},"primaryImageOfPage":{"@id":"https:\/\/www.saveurs.net\/en\/who-we-are\/#primaryimage"},"image":{"@id":"https:\/\/www.saveurs.net\/en\/who-we-are\/#primaryimage"},"thumbnailUrl":"https:\/\/www.saveurs.net\/wp-content\/uploads\/2022\/09\/nos-valeurs-header.jpg","datePublished":"2022-07-19T08:44:30+00:00","dateModified":"2025-08-28T08:11:22+00:00","description":"The Saveurs des Pyr\u00e9n\u00e9es team is composed of passionate professionals supported by 20 artisans from the Basque Country and the Pyrenees, united around shared values","breadcrumb":{"@id":"https:\/\/www.saveurs.net\/en\/who-we-are\/#breadcrumb"},"inLanguage":"en-US","potentialAction":[{"@type":"ReadAction","target":["https:\/\/www.saveurs.net\/en\/who-we-are\/"]}]},{"@type":"ImageObject","inLanguage":"en-US","@id":"https:\/\/www.saveurs.net\/en\/who-we-are\/#primaryimage","url":"https:\/\/www.saveurs.net\/wp-content\/uploads\/2022\/09\/nos-valeurs-header.jpg","contentUrl":"https:\/\/www.saveurs.net\/wp-content\/uploads\/2022\/09\/nos-valeurs-header.jpg","width":1920,"height":1080,"caption":"Nos valeurs Saveurs des Pyr\u00e9n\u00e9es"},{"@type":"BreadcrumbList","@id":"https:\/\/www.saveurs.net\/en\/who-we-are\/#breadcrumb","itemListElement":[{"@type":"ListItem","position":1,"name":"Accueil","item":"https:\/\/www.saveurs.net\/en\/"},{"@type":"ListItem","position":2,"name":"Who we are"}]},{"@type":"WebSite","@id":"https:\/\/www.saveurs.net\/en\/#website","url":"https:\/\/www.saveurs.net\/en\/","name":"Saveurs des Pyr\u00e9n\u00e9es","description":"Un site utilisant WordPress","potentialAction":[{"@type":"SearchAction","target":{"@type":"EntryPoint","urlTemplate":"https:\/\/www.saveurs.net\/en\/?s={search_term_string}"},"query-input":{"@type":"PropertyValueSpecification","valueRequired":true,"valueName":"search_term_string"}}],"inLanguage":"en-US"}]}},"_links":{"self":[{"href":"https:\/\/www.saveurs.net\/en\/wp-json\/wp\/v2\/pages\/941","targetHints":{"allow":["GET"]}}],"collection":[{"href":"https:\/\/www.saveurs.net\/en\/wp-json\/wp\/v2\/pages"}],"about":[{"href":"https:\/\/www.saveurs.net\/en\/wp-json\/wp\/v2\/types\/page"}],"author":[{"embeddable":true,"href":"https:\/\/www.saveurs.net\/en\/wp-json\/wp\/v2\/users\/1"}],"replies":[{"embeddable":true,"href":"https:\/\/www.saveurs.net\/en\/wp-json\/wp\/v2\/comments?post=941"}],"version-history":[{"count":1,"href":"https:\/\/www.saveurs.net\/en\/wp-json\/wp\/v2\/pages\/941\/revisions"}],"predecessor-version":[{"id":4321,"href":"https:\/\/www.saveurs.net\/en\/wp-json\/wp\/v2\/pages\/941\/revisions\/4321"}],"wp:featuredmedia":[{"embeddable":true,"href":"https:\/\/www.saveurs.net\/en\/wp-json\/wp\/v2\/media\/1299"}],"wp:attachment":[{"href":"https:\/\/www.saveurs.net\/en\/wp-json\/wp\/v2\/media?parent=941"}],"curies":[{"name":"wp","href":"https:\/\/api.w.org\/{rel}","templated":true}]}}